{"id":519,"date":"2020-07-31T18:02:01","date_gmt":"2020-07-31T18:02:01","guid":{"rendered":"https:\/\/amrsmallspaces.com\/index.php\/amrsmallspaces-com-espanol\/"},"modified":"2020-08-10T19:09:21","modified_gmt":"2020-08-10T19:09:21","slug":"amrsmallspaces-com-espanol","status":"publish","type":"page","link":"https:\/\/amrsmallspaces.com\/","title":{"rendered":"amrsmallspaces.com &#8211; Espa\u00f1ol"},"content":{"rendered":"\n<blockquote class=\"wp-block-quote\"><p><br>&#8220;Las habitaciones o viviendas peque\u00f1as disciplinan la mente,<br>las grandes la debilitan\u2026. &#8220;<\/p><p>Leonardo Da Vinci<\/p><\/blockquote>\n\n\n\n<div class=\"wp-block-image\"><figure class=\"alignleft\"><img decoding=\"async\" src=\"https:\/\/amrsmallspaces.com\/wp-content\/uploads\/2020\/07\/portada-2.jpg\" alt=\"La imagen tiene un atributo ALT vac\u00edo; su nombre de archivo es portada-2.jpg\"\/><\/figure><\/div>\n\n\n\n<p>La vivienda compacta es una tendencia mundial con cada vez m\u00e1s gente haciendo de los peque\u00f1os estudios y micro apartamentos su hogar. AMR se compromete a proporcionarte ideas de dise\u00f1o innovadoras y creativas para tus peque\u00f1os espacios.<\/p>\n\n\n\n<p>Crear un hogar funcional y acogedor en un espacio peque\u00f1o es un reto significativo que requiere una forma de pensar audaz y valiente, fuera de la caja. AMR trabajar\u00e1 contigo, mano a mano, con una incre\u00edble atenci\u00f3n a los detalles.<\/p>\n\n\n\n<p>Entender tus necesidades es clave. Queremos saber qu\u00e9 es lo que m\u00e1s necesitas en tu vivienda. Nuestro objetivo es aprovechar al m\u00e1ximo cada cent\u00edmetro de espacio para que al final tengas una casa peque\u00f1a, moderna y vers\u00e1til que funcione para ti.<\/p>\n\n\n\n<h2 class=\"wp-block-heading\">\u00bfVives en un espacio peque\u00f1o o vas a dise\u00f1ar uno?<\/h2>\n\n\n\n<p>Hay varios elementos que los arquitectos consideramos para hacer que los micro espacios parezcan macro. Diferentes factores \u2013 como la forma de las habitaciones, el color de las superficies o la ubicaci\u00f3n e intensidad de la luz \u2013 todo influye en c\u00f3mo percibimos el espacio. <\/p>\n\n\n\n<figure class=\"wp-block-image\"><img decoding=\"async\" src=\"https:\/\/amrsmallspaces.com\/wp-content\/uploads\/2020\/07\/portada-9-1.jpg\" alt=\"La imagen tiene un atributo ALT vac\u00edo; su nombre de archivo es portada-9-1.jpg\"\/><\/figure>\n\n\n\n<p>Aqu\u00ed hay algunos de nuestros mejores tips para hacer que tu apartamento luzca m\u00e1s espacioso, haz click en ellos para ver el art\u00edculo:<\/p>\n\n\n\n<ul><li><a rel=\"noreferrer noopener\" href=\"https:\/\/amrsmallspaces.com\/index.php\/sin-muros\/\" target=\"_blank\">Evita los muros o al menos, los muros altos<\/a><\/li><li><a rel=\"noreferrer noopener\" href=\"https:\/\/amrsmallspaces.com\/index.php\/verticalidad\/\" target=\"_blank\">Toma en cuenta la altura<\/a><\/li><li><a rel=\"noreferrer noopener\" href=\"https:\/\/amrsmallspaces.com\/index.php\/guardado\/\" target=\"_blank\">Encuentra \u00e1reas de guardado<\/a><\/li><li><a rel=\"noreferrer noopener\" href=\"https:\/\/amrsmallspaces.com\/index.php\/colores\/\" target=\"_blank\">Usa los colores adecuados<\/a><\/li><li><a rel=\"noreferrer noopener\" href=\"https:\/\/amrsmallspaces.com\/index.php\/iluminacion\/\" target=\"_blank\">Crea amplitud con la iluminaci\u00f3n<\/a><\/li><li><a rel=\"noreferrer noopener\" href=\"https:\/\/amrsmallspaces.com\/index.php\/espejos\/\" target=\"_blank\">Genera profundidad con los espejos<\/a><\/li><li><a rel=\"noreferrer noopener\" href=\"https:\/\/amrsmallspaces.com\/index.php\/pisos\/\" target=\"_blank\">Elige el piso estrat\u00e9gicamente<\/a><\/li><li><a href=\"https:\/\/amrsmallspaces.com\/index.php\/muebles\/\" target=\"_blank\" rel=\"noreferrer noopener\">Cambia la posici\u00f3n de tus muebles<\/a><\/li><li><a href=\"https:\/\/amrsmallspaces.com\/index.php\/multifuncionalidad\/\" target=\"_blank\" rel=\"noreferrer noopener\">Crea espacios multifuncionales<\/a><\/li><li><a href=\"https:\/\/amrsmallspaces.com\/index.php\/puertas\/\" target=\"_blank\" rel=\"noreferrer noopener\">Usa puertas corredizas<\/a><\/li><li><a href=\"https:\/\/amrsmallspaces.com\/index.php\/exteriores\/\" target=\"_blank\" rel=\"noreferrer noopener\">Aprovecha los espacios exteriores<\/a><\/li><li><a href=\"https:\/\/amrsmallspaces.com\/index.php\/menos-es-mas-2\/\" target=\"_blank\" rel=\"noreferrer noopener\">Haz m\u00e1s con menos<\/a><\/li><\/ul>\n\n\n\n<p>Te gustar\u00eda que amrsmallspaces dise\u00f1e tu vivienda o que redise\u00f1e tu departamento de acuerdo a tus gustos y necesidades?<\/p>\n\n\n\n<p>Haz click abajo para saber m\u00e1s sobre mis servicios:<\/p>\n\n\n\n<figure class=\"wp-block-image\"><a href=\"https:\/\/www.fiverr.com\/s2\/bd6bf04fdf\" target=\"_blank\" rel=\"noopener noreferrer\"><img decoding=\"async\" src=\"https:\/\/amrsmallspaces.com\/wp-content\/uploads\/2020\/07\/bot%C3%B3n-300x264.jpg\" alt=\"La imagen tiene un atributo ALT vac\u00edo; su nombre de archivo es bot\u00f3n-300x264.jpg\"\/><\/a><\/figure>\n","protected":false},"excerpt":{"rendered":"<p>&#8220;Las habitaciones o viviendas peque\u00f1as disciplinan la mente,las grandes la debilitan\u2026. &#8220; Leonardo Da Vinci La vivienda compacta es una&hellip;<\/p>\n","protected":false},"author":1,"featured_media":0,"parent":0,"menu_order":0,"comment_status":"closed","ping_status":"closed","template":"","meta":{"footnotes":""},"_links":{"self":[{"href":"https:\/\/amrsmallspaces.com\/index.php\/wp-json\/wp\/v2\/pages\/519"}],"collection":[{"href":"https:\/\/amrsmallspaces.com\/index.php\/wp-json\/wp\/v2\/pages"}],"about":[{"href":"https:\/\/amrsmallspaces.com\/index.php\/wp-json\/wp\/v2\/types\/page"}],"author":[{"embeddable":true,"href":"https:\/\/amrsmallspaces.com\/index.php\/wp-json\/wp\/v2\/users\/1"}],"replies":[{"embeddable":true,"href":"https:\/\/amrsmallspaces.com\/index.php\/wp-json\/wp\/v2\/comments?post=519"}],"version-history":[{"count":17,"href":"https:\/\/amrsmallspaces.com\/index.php\/wp-json\/wp\/v2\/pages\/519\/revisions"}],"predecessor-version":[{"id":1105,"href":"https:\/\/amrsmallspaces.com\/index.php\/wp-json\/wp\/v2\/pages\/519\/revisions\/1105"}],"wp:attachment":[{"href":"https:\/\/amrsmallspaces.com\/index.php\/wp-json\/wp\/v2\/media?parent=519"}],"curies":[{"name":"wp","href":"https:\/\/api.w.org\/{rel}","templated":true}]}}